{"id":458,"date":"2020-04-19T13:36:44","date_gmt":"2020-04-19T16:36:44","guid":{"rendered":"http:\/\/localhost\/wordpress\/?page_id=458"},"modified":"2026-03-18T08:59:37","modified_gmt":"2026-03-18T11:59:37","slug":"red-de-bibliotecas","status":"publish","type":"page","link":"https:\/\/radu.edu.ar\/index.php\/red-de-bibliotecas\/","title":{"rendered":"Red de Bibliotecas"},"content":{"rendered":"\t\t<div data-elementor-type=\"wp-page\" data-elementor-id=\"458\" class=\"elementor elementor-458\">\n\t\t\t\t\t\t<section class=\"elementor-section elementor-top-section elementor-element elementor-element-ff32aba elementor-section-stretched elementor-section-boxed elementor-section-height-default elementor-section-height-default\" data-id=\"ff32aba\" data-element_type=\"section\" data-settings=\"{&quot;stretch_section&quot;:&quot;section-stretched&quot;,&quot;background_background&quot;:&quot;classic&quot;}\">\n\t\t\t\t\t\t<div class=\"elementor-container elementor-column-gap-default\">\n\t\t\t\t\t<div class=\"elementor-column elementor-col-100 elementor-top-column elementor-element elementor-element-aa60ce1\" data-id=\"aa60ce1\" data-element_type=\"column\">\n\t\t\t<div class=\"elementor-widget-wrap elementor-element-populated\">\n\t\t\t\t\t\t<div class=\"elementor-element elementor-element-d8549a3 elementor-widget elementor-widget-spacer\" data-id=\"d8549a3\" data-element_type=\"widget\" data-widget_type=\"spacer.default\">\n\t\t\t\t<div class=\"elementor-widget-container\">\n\t\t\t\t\t\t\t<div class=\"elementor-spacer\">\n\t\t\t<div class=\"elementor-spacer-inner\"><\/div>\n\t\t<\/div>\n\t\t\t\t\t\t<\/div>\n\t\t\t\t<\/div>\n\t\t\t\t<div class=\"elementor-element elementor-element-d4a5357 elementor-widget elementor-widget-heading\" data-id=\"d4a5357\" data-element_type=\"widget\" data-widget_type=\"heading.default\">\n\t\t\t\t<div class=\"elementor-widget-container\">\n\t\t\t\t\t<h2 class=\"elementor-heading-title elementor-size-default\">Red de Bibliotecas<\/h2>\t\t\t\t<\/div>\n\t\t\t\t<\/div>\n\t\t\t\t<div class=\"elementor-element elementor-element-ee82e9c elementor-widget-divider--view-line elementor-widget elementor-widget-divider\" data-id=\"ee82e9c\" data-element_type=\"widget\" data-widget_type=\"divider.default\">\n\t\t\t\t<div class=\"elementor-widget-container\">\n\t\t\t\t\t\t\t<div class=\"elementor-divider\">\n\t\t\t<span class=\"elementor-divider-separator\">\n\t\t\t\t\t\t<\/span>\n\t\t<\/div>\n\t\t\t\t\t\t<\/div>\n\t\t\t\t<\/div>\n\t\t\t\t<div class=\"elementor-element elementor-element-bc47bf0 elementor-widget elementor-widget-spacer\" data-id=\"bc47bf0\" data-element_type=\"widget\" data-widget_type=\"spacer.default\">\n\t\t\t\t<div class=\"elementor-widget-container\">\n\t\t\t\t\t\t\t<div class=\"elementor-spacer\">\n\t\t\t<div class=\"elementor-spacer-inner\"><\/div>\n\t\t<\/div>\n\t\t\t\t\t\t<\/div>\n\t\t\t\t<\/div>\n\t\t\t\t\t<\/div>\n\t\t<\/div>\n\t\t\t\t\t<\/div>\n\t\t<\/section>\n\t\t\t\t<section class=\"elementor-section elementor-top-section elementor-element elementor-element-159ea0a elementor-section-stretched elementor-section-boxed elementor-section-height-default elementor-section-height-default\" data-id=\"159ea0a\" data-element_type=\"section\" data-settings=\"{&quot;stretch_section&quot;:&quot;section-stretched&quot;,&quot;background_background&quot;:&quot;classic&quot;}\">\n\t\t\t\t\t\t<div class=\"elementor-container elementor-column-gap-default\">\n\t\t\t\t\t<div class=\"elementor-column elementor-col-100 elementor-top-column elementor-element elementor-element-7ea1bb8\" data-id=\"7ea1bb8\" data-element_type=\"column\">\n\t\t\t<div class=\"elementor-widget-wrap elementor-element-populated\">\n\t\t\t\t\t\t<div class=\"elementor-element elementor-element-aac32c5 elementor-widget elementor-widget-spacer\" data-id=\"aac32c5\" data-element_type=\"widget\" data-widget_type=\"spacer.default\">\n\t\t\t\t<div class=\"elementor-widget-container\">\n\t\t\t\t\t\t\t<div class=\"elementor-spacer\">\n\t\t\t<div class=\"elementor-spacer-inner\"><\/div>\n\t\t<\/div>\n\t\t\t\t\t\t<\/div>\n\t\t\t\t<\/div>\n\t\t\t\t<div class=\"elementor-element elementor-element-d1422b4 elementor-widget elementor-widget-heading\" data-id=\"d1422b4\" data-element_type=\"widget\" data-widget_type=\"heading.default\">\n\t\t\t\t<div class=\"elementor-widget-container\">\n\t\t\t\t\t<h2 class=\"elementor-heading-title elementor-size-default\">Ingreso a la Red de Bibliotecas de la RADBU<\/h2>\t\t\t\t<\/div>\n\t\t\t\t<\/div>\n\t\t\t\t<div class=\"elementor-element elementor-element-c70aeca elementor-widget-divider--view-line elementor-widget elementor-widget-divider\" data-id=\"c70aeca\" data-element_type=\"widget\" data-widget_type=\"divider.default\">\n\t\t\t\t<div class=\"elementor-widget-container\">\n\t\t\t\t\t\t\t<div class=\"elementor-divider\">\n\t\t\t<span class=\"elementor-divider-separator\">\n\t\t\t\t\t\t<\/span>\n\t\t<\/div>\n\t\t\t\t\t\t<\/div>\n\t\t\t\t<\/div>\n\t\t\t\t<div class=\"elementor-element elementor-element-a6eed09 elementor-widget elementor-widget-text-editor\" data-id=\"a6eed09\" data-element_type=\"widget\" data-widget_type=\"text-editor.default\">\n\t\t\t\t<div class=\"elementor-widget-container\">\n\t\t\t\t\t\t\t\t\t<p style=\"text-align: justify;\">La misi\u00f3n de la red es favorecer la cooperaci\u00f3n entre las unidades de informaci\u00f3n, mejorar y optimizar el acceso a las colecciones, promover servicios conjuntos y potenciar la alta formaci\u00f3n del personal bibliotecario.<\/p><p data-prosemirror-content-type=\"node\" data-prosemirror-node-name=\"paragraph\" data-prosemirror-node-block=\"true\" data-pm-slice=\"1 1 []\">Los objetivos son optimizar los servicios y recursos que prestan las bibliotecas integrantes, a trav\u00e9s de la cooperaci\u00f3n mutua<span style=\"color: #444444;\">, gestionar el acceso a los cat\u00e1logos y a las colecciones existentes, promover planes de cooperaci\u00f3n en los servicios bibliotecarios conjuntos, potenciar la formaci\u00f3n profesional y colaborar con otras iniciativas que surjan de cooperaci\u00f3n interbibliotecaria a nivel regional, nacional e internacional.<\/span><\/p><p><a href=\"https:\/\/radu.edu.ar\/wp-content\/uploads\/2020\/04\/REGLAMENTO-BiblRADBU.pdf\" target=\"_blank\" rel=\"noopener\">Reglamento de Bibliotecas RADBU<\/a><\/p><p><span style=\"color: #444444;\"><strong>BIBLIOTECAS INTEGRANTES DE LA RED ANDINA DE BIBLIOTECAS UNIVERSITARIAS RADBU\/RADU:<\/strong><\/span><\/p><div><p><span style=\"color: #ddb400;\">\u00bb<\/span> Biblioteca Central | Universidad Cat\u00f3lica de Cuyo \u2013 Sede San Juan | <a href=\"http:\/\/uccuyosj.edu.ar\/index.php\/alumnos\/biblioteca-central\" target=\"_blank\" rel=\"noopener\">Visitar<\/a><\/p><p><span style=\"color: #ddb400;\">\u00bb <\/span>Biblioteca Monse\u00f1or Dr. Francisco Manfredi | Universidad Cat\u00f3lica de Cuyo \u2013 Sede San Luis | <a href=\"http:\/\/uccuyosl.opac.com.ar\/pergamo\/cgi-bin\/pgopac.cgi?form=Default%20target=\" target=\"_blank\" rel=\"noopener\">Visitar<\/a><\/p><p><span style=\"color: #ddb400;\">\u00bb <\/span>Biblioteca de la Facultad Don Bosco de Enolog\u00eda y Ciencias de la Alimentaci\u00f3n | Universidad Cat\u00f3lica de Cuyo \u2013 Sede Mendoza | <a href=\"http:\/\/uccuyomza.edu.ar\/index.php\/alumnos\/inicio.html\" target=\"_blank\" rel=\"noopener\">Visitar<\/a><\/p><p><span style=\"color: #ddb400;\">\u00bb <\/span>Biblioteca Prof. Arlington E. Lucero | Universidad Juan Agust\u00edn Maza | <a href=\"https:\/\/www.umaza.edu.ar\/biblioteca\" target=\"_blank\" rel=\"noopener\">Visitar<\/a><\/p><p><span style=\"color: #ddb400;\">\u00bb <\/span>Biblioteca Central | Universidad de Mendoza | <a href=\"https:\/\/um.edu.ar\/biblioteca\/\" target=\"_blank\" rel=\"noopener\">Visitar<\/a><\/p><p><span style=\"color: #ddb400;\">\u00bb <\/span>Biblioteca Central | Universidad del Aconcagua | <a href=\"https:\/\/www.uda.edu.ar\/index.php\/servicios\/biblioteca-2025\" target=\"_blank\" rel=\"noopener\">Visitar<\/a><\/p><p><span style=\"color: #ddb400;\">\u00bb <\/span>Biblioteca | Instituto Universitario de Ciencias de la Salud Fundaci\u00f3n Barcel\u00f3 &#8211; Sede La Rioja | <a href=\"https:\/\/www.barcelo.edu.ar\/conocenos-biblioteca\" target=\"_blank\" rel=\"noopener\">Visitar<\/a><\/p><\/div><p><strong><span style=\"color: #444444;\">BIBLIOTECAS ADHERENTES:<\/span><\/strong><\/p><p><span style=\"color: #ddb400;\">\u00bb <\/span>Sistema Integrado de Documentaci\u00f3n \u2013 Biblioteca Central | Universidad Nacional de Cuyo | <a href=\"http:\/\/sid.uncu.edu.ar\/sid\/\" target=\"_blank\" rel=\"noopener\">Visitar<\/a><\/p><p><span style=\"color: #ddb400;\">\u00bb <\/span>Biblioteca | Universidad Champagnat | <a href=\"http:\/\/www.uch.edu.ar\/biblioteca\" target=\"_blank\" rel=\"noopener\">Visitar<\/a><\/p><p><span style=\"color: #ddb400;\">\u00bb <\/span>Biblioteca Luis Menotti Pescarmona | Universidad de Congreso | <a href=\"http:\/\/www.ucongreso.edu.ar\/paginastpl\/biblioteca\/\" target=\"_blank\" rel=\"noopener\">Visitar<\/a><\/p><p><span style=\"color: #ddb400;\">\u00bb <\/span>Biblioteca Dr. Jorge Vera Vallejo | C\u00e1mara Federal de Apelaciones de Mendoza \u2013 Tribunales Federales | <a href=\"http:\/\/www.pjn.gov.ar\/\" target=\"_blank\" rel=\"noopener\">Visitar<\/a><\/p><p><span style=\"color: #ddb400;\">\u00bb <\/span>Biblioteca y Archivo Hist\u00f3rico del Agua | Departamento General de Irrigaci\u00f3n de Mendoza | <a href=\"http:\/\/www.irrigacion.gov.ar\/dgi\/\" target=\"_blank\" rel=\"noopener\">Visitar<\/a><\/p><p><span style=\"color: #ddb400;\">\u00bb <\/span>Biblioteca + Mediateca P\u00fablica Municipal Manuel Belgrano | Municipalidad de Godoy Cruz &#8211; Mendoza | <a href=\"https:\/\/www.godoycruz.gob.ar\/cultura\/biblioteca-mediateca\/\" target=\"_blank\" rel=\"noopener\">Visitar<\/a><\/p><p><span style=\"color: #ddb400;\">\u00bb <\/span>Biblioteca P\u00fablica General San Mart\u00edn | Secretar\u00eda de Cultura &#8211; Gobierno de Mendoza | <a href=\"http:\/\/www.cultura.mendoza.gov.ar\/bpgsm\/\" target=\"_blank\" rel=\"noopener\">Visitar<\/a><\/p><p><span style=\"color: #ddb400;\">\u00bb <\/span>Biblioteca &#8220;John F. Kennedy&#8221;| AMICANA | <a href=\"http:\/\/librarything.com\/catalog\/amicanaLibrary\" target=\"_blank\" rel=\"noopener\">Visitar<\/a><\/p><p><span style=\"color: #ddb400;\">\u00bb <\/span>Biblioteca, Centro de Documentaci\u00f3n y Archivo &#8220;Mauricio L\u00f3pez&#8221;|\u00a0 Asociaci\u00f3n Ecum\u00e9nica de Cuyo &#8211; SID &#8211; UNCuyo | <a href=\"http:\/\/bibliotecas.uncuyo.edu.ar\/\" target=\"_blank\" rel=\"noopener\">Visitar<\/a><\/p><p><span style=\"color: #ddb400;\">\u00bb <\/span>Biblioteca &#8220;Sociedad Goetheana Argentina&#8221;| Sociedad Goetheana Argentina | <a href=\"http:\/\/www.goetheana.com.ar\/\" target=\"_blank\" rel=\"noopener\">Visitar<\/a><\/p><p><span style=\"color: #ddb400;\">\u00bb <\/span>Biblioteca &#8220;Prof. Gisela Anal\u00eda Casagrande&#8221;| I.E.S.D. Y T. N\u00ba 9-001 &#8220;Gral. Jos\u00e9 de San Mart\u00edn&#8221; | <a href=\"https:\/\/ens9001-mza.infd.edu.ar\/sitio\/\" target=\"_blank\" rel=\"noopener\">Visitar<\/a><\/p><p><span style=\"color: #ddb400;\">\u00bb <\/span>Biblioteca &#8220;Jos\u00e9 Rigoberto Olgu\u00edn&#8221; | Instituto de Educaci\u00f3n F\u00edsica &#8221; Dr. Jorge E. Coll&#8221; | <a href=\"http:\/\/ief9-016.edu.ar\/\" target=\"_blank\" rel=\"noopener\">Visitar<\/a><\/p><p><span style=\"color: #ddb400;\">\u00bb <\/span>Biblioteca Central San Benito Abad, incluye Biblioteca de la Facultad de Humanidades y Ciencias Econ\u00f3micas sede Mendoza | Pontificia Universidad Cat\u00f3lica Argentina &#8220;Santa Mar\u00eda de los Buenos Aires&#8221; | <a href=\"https:\/\/biblioteca.uca.edu.ar\/client\/es_AR\/default\" target=\"_blank\" rel=\"noopener\">Visitar<\/a><\/p><div><div dir=\"ltr\"><div><span style=\"color: #ddb400;\">\u00bb <\/span><span style=\"color: #808080;\">Bibliotecas de Educaci\u00f3n\u00a0 Superior de la DGE de Mendoza |\u00a0<\/span><a style=\"font-family: var( --e-global-typography-text-font-family ), Sans-serif; font-weight: var( --e-global-typography-text-font-weight ); background-color: #ffffff;\" href=\"http:\/\/rebes.cf\/\" target=\"_blank\" rel=\"noopener\">Visitar<\/a><\/div><\/div><div>\u00a0<\/div><div><span style=\"color: #ddb400;\"><span style=\"color: #ddb400;\"><span style=\"color: #f4c70e;\">\u00bb <\/span><span style=\"color: #333333;\"><span style=\"color: #808080;\">Biblioteca Juan Bautista Alberdi &#8211; Colegio de Abogados y Procuradores de la Provincia de Mendoza<\/span><\/span><\/span><\/span>| <a href=\"http:\/\/colabogmza.com.ar\/\">Visitar<\/a><\/div><div>\u00a0<\/div><\/div><div><span style=\"color: #ddb400;\"><span style=\"color: #ddb400;\">\u00bb <span style=\"color: #808080;\">Biblioteca Mario Luis Gell\u00f3n &#8211; Universidad Tecnol\u00f3gica Nacional Facultad Regional Mendoza <\/span><\/span><\/span>| <a href=\"https:\/\/www4.frm.utn.edu.ar\/\" target=\"_blank\" rel=\"noopener\">Visitar<\/a><\/div><div>\u00a0<\/div><div><span style=\"color: #ddb400;\">\u00bb <span style=\"color: #808080;\">Biblioteca de la Fundaci\u00f3n Rayuela para la Cultura y la Educaci\u00f3n <\/span><\/span>| <a href=\"http:\/\/www.fundacionrayuela.org.ar\/sitio\/category\/biblioteca\/\" target=\"_blank\" rel=\"noopener\">Visitar<\/a><\/div><div>\u00a0<\/div><div><span style=\"color: #ddb400;\">\u00bb <span style=\"color: #808080;\">Biblioteca Municipal Almafuerte &#8211; Municipalidad de Guaymall\u00e9n &#8211; Mendoza <\/span><\/span>| <a href=\"https:\/\/www.guaymallen.gob.ar\/dependencias-2\/cultura\/biblioteca-almafuerte\/\" target=\"_blank\" rel=\"noopener\">Visitar<\/a><\/div>\t\t\t\t\t\t\t\t<\/div>\n\t\t\t\t<\/div>\n\t\t\t\t\t<\/div>\n\t\t<\/div>\n\t\t\t\t\t<\/div>\n\t\t<\/section>\n\t\t\t\t<\/div>\n\t\t","protected":false},"excerpt":{"rendered":"<p>Red de Bibliotecas Ingreso a la Red de Bibliotecas de la RADBU La misi\u00f3n de la red es favorecer la cooperaci\u00f3n entre las unidades de informaci\u00f3n, mejorar y optimizar el acceso a las colecciones, promover servicios conjuntos y potenciar la alta formaci\u00f3n del personal bibliotecario. Los objetivos son optimizar los servicios y recursos que prestan &#8230; <a title=\"Red de Bibliotecas\" class=\"read-more\" href=\"https:\/\/radu.edu.ar\/index.php\/red-de-bibliotecas\/\" aria-label=\"M\u00e1s en Red de Bibliotecas\">Leer m\u00e1s<\/a><\/p>\n","protected":false},"author":1,"featured_media":0,"parent":0,"menu_order":0,"comment_status":"closed","ping_status":"closed","template":"elementor_header_footer","meta":{"footnotes":""},"class_list":["post-458","page","type-page","status-publish"],"_links":{"self":[{"href":"https:\/\/radu.edu.ar\/index.php\/wp-json\/wp\/v2\/pages\/458"}],"collection":[{"href":"https:\/\/radu.edu.ar\/index.php\/wp-json\/wp\/v2\/pages"}],"about":[{"href":"https:\/\/radu.edu.ar\/index.php\/wp-json\/wp\/v2\/types\/page"}],"author":[{"embeddable":true,"href":"https:\/\/radu.edu.ar\/index.php\/wp-json\/wp\/v2\/users\/1"}],"replies":[{"embeddable":true,"href":"https:\/\/radu.edu.ar\/index.php\/wp-json\/wp\/v2\/comments?post=458"}],"version-history":[{"count":66,"href":"https:\/\/radu.edu.ar\/index.php\/wp-json\/wp\/v2\/pages\/458\/revisions"}],"predecessor-version":[{"id":2459,"href":"https:\/\/radu.edu.ar\/index.php\/wp-json\/wp\/v2\/pages\/458\/revisions\/2459"}],"wp:attachment":[{"href":"https:\/\/radu.edu.ar\/index.php\/wp-json\/wp\/v2\/media?parent=458"}],"curies":[{"name":"wp","href":"https:\/\/api.w.org\/{rel}","templated":true}]}}