{"id":400,"date":"2020-04-18T19:45:53","date_gmt":"2020-04-18T22:45:53","guid":{"rendered":"http:\/\/localhost\/wordpress\/?page_id=400"},"modified":"2024-09-18T14:22:54","modified_gmt":"2024-09-18T17:22:54","slug":"noticias","status":"publish","type":"page","link":"https:\/\/radu.edu.ar\/index.php\/noticias\/","title":{"rendered":"Noticias"},"content":{"rendered":"\t\t<div data-elementor-type=\"wp-page\" data-elementor-id=\"400\" class=\"elementor elementor-400\">\n\t\t\t\t\t\t<section class=\"elementor-section elementor-top-section elementor-element elementor-element-ebd9d03 elementor-section-boxed elementor-section-height-default elementor-section-height-default\" data-id=\"ebd9d03\" data-element_type=\"section\">\n\t\t\t\t\t\t<div class=\"elementor-container elementor-column-gap-default\">\n\t\t\t\t\t<div class=\"elementor-column elementor-col-100 elementor-top-column elementor-element elementor-element-628dfbf\" data-id=\"628dfbf\" data-element_type=\"column\">\n\t\t\t<div class=\"elementor-widget-wrap elementor-element-populated\">\n\t\t\t\t\t\t<div class=\"elementor-element elementor-element-6918e56 elementor-widget elementor-widget-spacer\" data-id=\"6918e56\" data-element_type=\"widget\" data-widget_type=\"spacer.default\">\n\t\t\t\t<div class=\"elementor-widget-container\">\n\t\t\t\t\t\t\t<div class=\"elementor-spacer\">\n\t\t\t<div class=\"elementor-spacer-inner\"><\/div>\n\t\t<\/div>\n\t\t\t\t\t\t<\/div>\n\t\t\t\t<\/div>\n\t\t\t\t\t<\/div>\n\t\t<\/div>\n\t\t\t\t\t<\/div>\n\t\t<\/section>\n\t\t\t\t<section class=\"elementor-section elementor-top-section elementor-element elementor-element-d164ac9 elementor-section-stretched elementor-section-boxed elementor-section-height-default elementor-section-height-default\" data-id=\"d164ac9\" data-element_type=\"section\" data-settings=\"{&quot;stretch_section&quot;:&quot;section-stretched&quot;,&quot;background_background&quot;:&quot;classic&quot;}\">\n\t\t\t\t\t\t<div class=\"elementor-container elementor-column-gap-default\">\n\t\t\t\t\t<div class=\"elementor-column elementor-col-100 elementor-top-column elementor-element elementor-element-bb8d54d\" data-id=\"bb8d54d\" data-element_type=\"column\">\n\t\t\t<div class=\"elementor-widget-wrap\">\n\t\t\t\t\t\t\t<\/div>\n\t\t<\/div>\n\t\t\t\t\t<\/div>\n\t\t<\/section>\n\t\t\t\t<section class=\"elementor-section elementor-top-section elementor-element elementor-element-20dbdea elementor-section-boxed elementor-section-height-default elementor-section-height-default\" data-id=\"20dbdea\" data-element_type=\"section\">\n\t\t\t\t\t\t<div class=\"elementor-container elementor-column-gap-default\">\n\t\t\t\t\t<div class=\"elementor-column elementor-col-100 elementor-top-column elementor-element elementor-element-e3f98e0\" data-id=\"e3f98e0\" data-element_type=\"column\">\n\t\t\t<div class=\"elementor-widget-wrap elementor-element-populated\">\n\t\t\t\t\t\t<div class=\"elementor-element elementor-element-0b9092c elementor-widget elementor-widget-shortcode\" data-id=\"0b9092c\" data-element_type=\"widget\" data-widget_type=\"shortcode.default\">\n\t\t\t\t<div class=\"elementor-widget-container\">\n\t\t\t\t\t\t\t<div class=\"elementor-shortcode\"><style>.wp-show-posts-columns#wpsp-399 {margin-left: -2em; }.wp-show-posts-columns#wpsp-399 .wp-show-posts-inner {margin: 0 0 2em 2em; }<\/style><section id=\"wpsp-399\" class=\" wp-show-posts\" style=\"\"><article class=\" wp-show-posts-single wpsp-clearfix post-2471 post type-post status-publish format-standard hentry category-sin-categoria tag-radu tag-red-andina-de-universidades tag-redes-universitarias\" itemtype=\"http:\/\/schema.org\/CreativeWork\" itemscope><div class=\"wp-show-posts-inner\" style=\"\">\t\t\t\t\t\t<header class=\"wp-show-posts-entry-header\">\n\t\t\t\t\t\t\t<h2 class=\"wp-show-posts-entry-title\" itemprop=\"headline\"><a href=\"https:\/\/radu.edu.ar\/index.php\/2026\/04\/15\/invitacion-a-integrar-la-red-andina-de-universidades-radu\/\" rel=\"bookmark\">Invitaci\u00f3n a integrar la Red Andina de Universidades (RADU)<\/a><\/h2>\t\t\t\t\t\t<\/header><!-- .entry-header -->\n\t\t\t\t\t\t\t\t\t\t\t<div class=\"wp-show-posts-entry-summary\" itemprop=\"text\">\n\t\t\t\t\t\t\t<p>La Red Andina de Universidades (RADU) invita a universidades de gesti\u00f3n privada, nacionales e internacionales, que compartan los principios de calidad acad\u00e9mica, cooperaci\u00f3n interinstitucional, integraci\u00f3n regional y compromiso con el&#8230;<\/p>\n\t\t\t\t\t\t<\/div><!-- .entry-summary -->\n\t\t\t\t\t<div class=\"wpsp-read-more\"><a title=\"Invitaci\u00f3n a integrar la Red Andina de Universidades (RADU)\" class=\"wp-show-posts-read-more\" href=\"https:\/\/radu.edu.ar\/index.php\/2026\/04\/15\/invitacion-a-integrar-la-red-andina-de-universidades-radu\/\">M\u00e1s informaci\u00f3n<\/a><\/div><\/div><!-- wp-show-posts-inner --><div class=\"wpsp-clear\"><\/div><\/article><article class=\" wp-show-posts-single wpsp-clearfix post-2464 post type-post status-publish format-standard has-post-thumbnail hentry category-sin-categoria tag-radu tag-webinar\" itemtype=\"http:\/\/schema.org\/CreativeWork\" itemscope><div class=\"wp-show-posts-inner\" style=\"\">\t\t\t\t\t\t<header class=\"wp-show-posts-entry-header\">\n\t\t\t\t\t\t\t<h2 class=\"wp-show-posts-entry-title\" itemprop=\"headline\"><a href=\"https:\/\/radu.edu.ar\/index.php\/2026\/04\/10\/6o-webinar-radu-la-salud-mental-en-la-comunidad-universitaria\/\" rel=\"bookmark\">6\u00ba webinar RADU: la salud mental en la comunidad universitaria<\/a><\/h2>\t\t\t\t\t\t<\/header><!-- .entry-header -->\n\t\t\t\t\t\t\t<div class=\"wp-show-posts-image  wpsp-image-center \">\n\t\t\t<a href=\"https:\/\/radu.edu.ar\/index.php\/2026\/04\/10\/6o-webinar-radu-la-salud-mental-en-la-comunidad-universitaria\/\"  title=\"6\u00ba webinar RADU: la salud mental en la comunidad universitaria\"><img fetchpriority=\"high\" decoding=\"async\" width=\"900\" height=\"1600\" src=\"https:\/\/radu.edu.ar\/wp-content\/uploads\/2026\/04\/image.png\" class=\"attachment-full size-full wp-post-image\" alt=\"\" itemprop=\"image\" srcset=\"https:\/\/radu.edu.ar\/wp-content\/uploads\/2026\/04\/image.png 900w, https:\/\/radu.edu.ar\/wp-content\/uploads\/2026\/04\/image-169x300.png 169w, https:\/\/radu.edu.ar\/wp-content\/uploads\/2026\/04\/image-576x1024.png 576w, https:\/\/radu.edu.ar\/wp-content\/uploads\/2026\/04\/image-768x1365.png 768w, https:\/\/radu.edu.ar\/wp-content\/uploads\/2026\/04\/image-864x1536.png 864w\" sizes=\"(max-width: 900px) 100vw, 900px\" \/><\/a>\t\t<\/div>\n\t\t\t\t\t\t\t\t<div class=\"wp-show-posts-entry-summary\" itemprop=\"text\">\n\t\t\t\t\t\t\t\t\t\t\t\t\t<\/div><!-- .entry-summary -->\n\t\t\t\t\t<div class=\"wpsp-read-more\"><a title=\"6\u00ba webinar RADU: la salud mental en la comunidad universitaria\" class=\"wp-show-posts-read-more\" href=\"https:\/\/radu.edu.ar\/index.php\/2026\/04\/10\/6o-webinar-radu-la-salud-mental-en-la-comunidad-universitaria\/\">M\u00e1s informaci\u00f3n<\/a><\/div><\/div><!-- wp-show-posts-inner --><div class=\"wpsp-clear\"><\/div><\/article><article class=\" wp-show-posts-single wpsp-clearfix post-2418 post type-post status-publish format-standard has-post-thumbnail hentry category-sin-categoria tag-consejo-directivo tag-radu tag-san-luis\" itemtype=\"http:\/\/schema.org\/CreativeWork\" itemscope><div class=\"wp-show-posts-inner\" style=\"\">\t\t\t\t\t\t<header class=\"wp-show-posts-entry-header\">\n\t\t\t\t\t\t\t<h2 class=\"wp-show-posts-entry-title\" itemprop=\"headline\"><a href=\"https:\/\/radu.edu.ar\/index.php\/2026\/03\/13\/la-uccuyo-san-luis-fue-sede-de-la-53-reunion-del-consejo-directivo-de-la-radu\/\" rel=\"bookmark\">La UCCuyo San Luis fue sede de la 53\u00b0 Reuni\u00f3n del Consejo Directivo de la RADU<\/a><\/h2>\t\t\t\t\t\t<\/header><!-- .entry-header -->\n\t\t\t\t\t\t\t<div class=\"wp-show-posts-image  wpsp-image-center \">\n\t\t\t<a href=\"https:\/\/radu.edu.ar\/index.php\/2026\/03\/13\/la-uccuyo-san-luis-fue-sede-de-la-53-reunion-del-consejo-directivo-de-la-radu\/\"  title=\"La UCCuyo San Luis fue sede de la 53\u00b0 Reuni\u00f3n del Consejo Directivo de la RADU\"><img decoding=\"async\" width=\"770\" height=\"440\" src=\"https:\/\/radu.edu.ar\/wp-content\/uploads\/2026\/03\/1773357959347.webp\" class=\"attachment-full size-full wp-post-image\" alt=\"\" itemprop=\"image\" srcset=\"https:\/\/radu.edu.ar\/wp-content\/uploads\/2026\/03\/1773357959347.webp 770w, https:\/\/radu.edu.ar\/wp-content\/uploads\/2026\/03\/1773357959347-300x171.webp 300w, https:\/\/radu.edu.ar\/wp-content\/uploads\/2026\/03\/1773357959347-768x439.webp 768w\" sizes=\"(max-width: 770px) 100vw, 770px\" \/><\/a>\t\t<\/div>\n\t\t\t\t\t\t\t\t<div class=\"wp-show-posts-entry-summary\" itemprop=\"text\">\n\t\t\t\t\t\t\t<p>La Universidad Cat\u00f3lica de Cuyo Sede San Luis fue sede de la 53\u00b0 Reuni\u00f3n del Consejo Directivo de la Red Andina de Universidades, un encuentro que reuni\u00f3 a autoridades de&#8230;<\/p>\n\t\t\t\t\t\t<\/div><!-- .entry-summary -->\n\t\t\t\t\t<div class=\"wpsp-read-more\"><a title=\"La UCCuyo San Luis fue sede de la 53\u00b0 Reuni\u00f3n del Consejo Directivo de la RADU\" class=\"wp-show-posts-read-more\" href=\"https:\/\/radu.edu.ar\/index.php\/2026\/03\/13\/la-uccuyo-san-luis-fue-sede-de-la-53-reunion-del-consejo-directivo-de-la-radu\/\">M\u00e1s informaci\u00f3n<\/a><\/div><\/div><!-- wp-show-posts-inner --><div class=\"wpsp-clear\"><\/div><\/article><article class=\" wp-show-posts-single wpsp-clearfix post-2330 post type-post status-publish format-standard has-post-thumbnail hentry category-sin-categoria\" itemtype=\"http:\/\/schema.org\/CreativeWork\" itemscope><div class=\"wp-show-posts-inner\" style=\"\">\t\t\t\t\t\t<header class=\"wp-show-posts-entry-header\">\n\t\t\t\t\t\t\t<h2 class=\"wp-show-posts-entry-title\" itemprop=\"headline\"><a href=\"https:\/\/radu.edu.ar\/index.php\/2026\/02\/23\/bienvenida-radu-2026\/\" rel=\"bookmark\">Bienvenida RADU \u2013 2026<\/a><\/h2>\t\t\t\t\t\t<\/header><!-- .entry-header -->\n\t\t\t\t\t\t\t<div class=\"wp-show-posts-image  wpsp-image-center \">\n\t\t\t<a href=\"https:\/\/radu.edu.ar\/index.php\/2026\/02\/23\/bienvenida-radu-2026\/\"  title=\"Bienvenida RADU \u2013 2026\"><img decoding=\"async\" width=\"646\" height=\"400\" src=\"https:\/\/radu.edu.ar\/wp-content\/uploads\/2026\/02\/WEB-BienvenidaRADU-2026-1.jpg\" class=\"attachment-full size-full wp-post-image\" alt=\"\" itemprop=\"image\" srcset=\"https:\/\/radu.edu.ar\/wp-content\/uploads\/2026\/02\/WEB-BienvenidaRADU-2026-1.jpg 646w, https:\/\/radu.edu.ar\/wp-content\/uploads\/2026\/02\/WEB-BienvenidaRADU-2026-1-300x186.jpg 300w\" sizes=\"(max-width: 646px) 100vw, 646px\" \/><\/a>\t\t<\/div>\n\t\t\t\t\t\t\t\t<div class=\"wp-show-posts-entry-summary\" itemprop=\"text\">\n\t\t\t\t\t\t\t<p>Estimada comunidad universitaria RADU: En nombre del Consejo Directivo de la Red Andina de Universidades le damos la bienvenida al 2026 (a\u00f1o de la Grandeza Argentina), un a\u00f1o signado por&#8230;<\/p>\n\t\t\t\t\t\t<\/div><!-- .entry-summary -->\n\t\t\t\t\t<div class=\"wpsp-read-more\"><a title=\"Bienvenida RADU \u2013 2026\" class=\"wp-show-posts-read-more\" href=\"https:\/\/radu.edu.ar\/index.php\/2026\/02\/23\/bienvenida-radu-2026\/\">M\u00e1s informaci\u00f3n<\/a><\/div><\/div><!-- wp-show-posts-inner --><div class=\"wpsp-clear\"><\/div><\/article><article class=\" wp-show-posts-single wpsp-clearfix post-2300 post type-post status-publish format-standard hentry category-carreras tag-carreras tag-oferta-academica tag-universidad\" itemtype=\"http:\/\/schema.org\/CreativeWork\" itemscope><div class=\"wp-show-posts-inner\" style=\"\">\t\t\t\t\t\t<header class=\"wp-show-posts-entry-header\">\n\t\t\t\t\t\t\t<h2 class=\"wp-show-posts-entry-title\" itemprop=\"headline\"><a href=\"https:\/\/radu.edu.ar\/index.php\/2025\/11\/18\/oferta-academica-de-las-universidades-miembro\/\" rel=\"bookmark\">Oferta acad\u00e9mica de las Universidades Miembro<\/a><\/h2>\t\t\t\t\t\t<\/header><!-- .entry-header -->\n\t\t\t\t\t\t\t\t\t\t\t<div class=\"wp-show-posts-entry-summary\" itemprop=\"text\">\n\t\t\t\t\t\t\t\t\t\t\t\t\t<\/div><!-- .entry-summary -->\n\t\t\t\t\t<div class=\"wpsp-read-more\"><a title=\"Oferta acad\u00e9mica de las Universidades Miembro\" class=\"wp-show-posts-read-more\" href=\"https:\/\/radu.edu.ar\/index.php\/2025\/11\/18\/oferta-academica-de-las-universidades-miembro\/\">M\u00e1s informaci\u00f3n<\/a><\/div><\/div><!-- wp-show-posts-inner --><div class=\"wpsp-clear\"><\/div><\/article><article class=\" wp-show-posts-single wpsp-clearfix post-2275 post type-post status-publish format-standard hentry category-sin-categoria tag-red-andina-de-universidades\" itemtype=\"http:\/\/schema.org\/CreativeWork\" itemscope><div class=\"wp-show-posts-inner\" style=\"\">\t\t\t\t\t\t<header class=\"wp-show-posts-entry-header\">\n\t\t\t\t\t\t\t<h2 class=\"wp-show-posts-entry-title\" itemprop=\"headline\"><a href=\"https:\/\/radu.edu.ar\/index.php\/2025\/11\/03\/la-red-andina-de-universidades-celebra-la-acreditacion-de-la-coneau\/\" rel=\"bookmark\">La Red Andina de Universidades celebra la acreditaci\u00f3n de la CONEAU<\/a><\/h2>\t\t\t\t\t\t<\/header><!-- .entry-header -->\n\t\t\t\t\t\t\t\t\t\t\t<div class=\"wp-show-posts-entry-summary\" itemprop=\"text\">\n\t\t\t\t\t\t\t<p>La&nbsp;Red Andina de Universidades&nbsp;celebra con orgullo la&nbsp;acreditaci\u00f3n por seis a\u00f1os otorgada por la CONEAU&nbsp;a la&nbsp;Especializaci\u00f3n en Gesti\u00f3n de la Educaci\u00f3n Superior (EGES)&nbsp;y a la&nbsp;Maestr\u00eda en Gesti\u00f3n de la Educaci\u00f3n Superior&#8230;<\/p>\n\t\t\t\t\t\t<\/div><!-- .entry-summary -->\n\t\t\t\t\t<div class=\"wpsp-read-more\"><a title=\"La Red Andina de Universidades celebra la acreditaci\u00f3n de la CONEAU\" class=\"wp-show-posts-read-more\" href=\"https:\/\/radu.edu.ar\/index.php\/2025\/11\/03\/la-red-andina-de-universidades-celebra-la-acreditacion-de-la-coneau\/\">M\u00e1s informaci\u00f3n<\/a><\/div><\/div><!-- wp-show-posts-inner --><div class=\"wpsp-clear\"><\/div><\/article><article class=\" wp-show-posts-single wpsp-clearfix post-2260 post type-post status-publish format-standard hentry category-sin-categoria tag-red-andina-de-universidades\" itemtype=\"http:\/\/schema.org\/CreativeWork\" itemscope><div class=\"wp-show-posts-inner\" style=\"\">\t\t\t\t\t\t<header class=\"wp-show-posts-entry-header\">\n\t\t\t\t\t\t\t<h2 class=\"wp-show-posts-entry-title\" itemprop=\"headline\"><a href=\"https:\/\/radu.edu.ar\/index.php\/2025\/10\/14\/descubri-como-la-ia-puede-transformar-la-investigacion-y-la-docencia\/\" rel=\"bookmark\">Descubr\u00ed c\u00f3mo la IA puede transformar la investigaci\u00f3n y la docencia<\/a><\/h2>\t\t\t\t\t\t<\/header><!-- .entry-header -->\n\t\t\t\t\t\t\t\t\t\t\t<div class=\"wp-show-posts-entry-summary\" itemprop=\"text\">\n\t\t\t\t\t\t\t<p>La Red Andina de Universidades invita a participar del seminario \u201cNuevas pr\u00e1cticas con IA para la investigaci\u00f3n y la docencia: un aporte desde las bibliotecas\u201d, que se realizar\u00e1 los d\u00edas&#8230;<\/p>\n\t\t\t\t\t\t<\/div><!-- .entry-summary -->\n\t\t\t\t\t<div class=\"wpsp-read-more\"><a title=\"Descubr\u00ed c\u00f3mo la IA puede transformar la investigaci\u00f3n y la docencia\" class=\"wp-show-posts-read-more\" href=\"https:\/\/radu.edu.ar\/index.php\/2025\/10\/14\/descubri-como-la-ia-puede-transformar-la-investigacion-y-la-docencia\/\">M\u00e1s informaci\u00f3n<\/a><\/div><\/div><!-- wp-show-posts-inner --><div class=\"wpsp-clear\"><\/div><\/article><article class=\" wp-show-posts-single wpsp-clearfix post-2246 post type-post status-publish format-standard hentry category-sin-categoria\" itemtype=\"http:\/\/schema.org\/CreativeWork\" itemscope><div class=\"wp-show-posts-inner\" style=\"\">\t\t\t\t\t\t<header class=\"wp-show-posts-entry-header\">\n\t\t\t\t\t\t\t<h2 class=\"wp-show-posts-entry-title\" itemprop=\"headline\"><a href=\"https:\/\/radu.edu.ar\/index.php\/2025\/10\/02\/experiencia-posgrado-y-fc-2025-tres-jornadas-para-pensar-los-desafios-de-la-educacion\/\" rel=\"bookmark\">Experiencia Posgrado y FC 2025: tres jornadas para pensar los desaf\u00edos de la educaci\u00f3n<\/a><\/h2>\t\t\t\t\t\t<\/header><!-- .entry-header -->\n\t\t\t\t\t\t\t\t\t\t\t<div class=\"wp-show-posts-entry-summary\" itemprop=\"text\">\n\t\t\t\t\t\t\t<p>La Secretar\u00eda Ejecutiva de la\u00a0Red Andina de Universidades (RADU), junto con el rector de la\u00a0Universidad Maza\u00a0y presidente de la Red,\u00a0Dr. Daniel Miranda, anunci\u00f3 la realizaci\u00f3n de\u00a0\u201cExperiencia Posgrado y Formaci\u00f3n Continua&#8230;<\/p>\n\t\t\t\t\t\t<\/div><!-- .entry-summary -->\n\t\t\t\t\t<div class=\"wpsp-read-more\"><a title=\"Experiencia Posgrado y FC 2025: tres jornadas para pensar los desaf\u00edos de la educaci\u00f3n\" class=\"wp-show-posts-read-more\" href=\"https:\/\/radu.edu.ar\/index.php\/2025\/10\/02\/experiencia-posgrado-y-fc-2025-tres-jornadas-para-pensar-los-desafios-de-la-educacion\/\">M\u00e1s informaci\u00f3n<\/a><\/div><\/div><!-- wp-show-posts-inner --><div class=\"wpsp-clear\"><\/div><\/article><article class=\" wp-show-posts-single wpsp-clearfix post-2244 post type-post status-publish format-standard hentry category-sin-categoria\" itemtype=\"http:\/\/schema.org\/CreativeWork\" itemscope><div class=\"wp-show-posts-inner\" style=\"\">\t\t\t\t\t\t<header class=\"wp-show-posts-entry-header\">\n\t\t\t\t\t\t\t<h2 class=\"wp-show-posts-entry-title\" itemprop=\"headline\"><a href=\"https:\/\/radu.edu.ar\/index.php\/2025\/10\/01\/5-webinar-radu-microcredenciales-nuevos-horizontes-para-la-formacion-academica-y-profesional\/\" rel=\"bookmark\">5\u00b0 Webinar RADU: Microcredenciales, nuevos horizontes para la formaci\u00f3n acad\u00e9mica y profesional<\/a><\/h2>\t\t\t\t\t\t<\/header><!-- .entry-header -->\n\t\t\t\t\t\t\t\t\t\t\t<div class=\"wp-show-posts-entry-summary\" itemprop=\"text\">\n\t\t\t\t\t\t\t<p>La Red Andina de Universidades (RADU) invita a participar de su 5\u00b0 Webinar de Gesti\u00f3n 2024-2028, que abordar\u00e1 el tema: \u201cMicrocredenciales: del conocimiento a la competencia. Nuevos horizontes para la&#8230;<\/p>\n\t\t\t\t\t\t<\/div><!-- .entry-summary -->\n\t\t\t\t\t<div class=\"wpsp-read-more\"><a title=\"5\u00b0 Webinar RADU: Microcredenciales, nuevos horizontes para la formaci\u00f3n acad\u00e9mica y profesional\" class=\"wp-show-posts-read-more\" href=\"https:\/\/radu.edu.ar\/index.php\/2025\/10\/01\/5-webinar-radu-microcredenciales-nuevos-horizontes-para-la-formacion-academica-y-profesional\/\">M\u00e1s informaci\u00f3n<\/a><\/div><\/div><!-- wp-show-posts-inner --><div class=\"wpsp-clear\"><\/div><\/article><article class=\" wp-show-posts-single wpsp-clearfix post-2241 post type-post status-publish format-standard has-post-thumbnail hentry category-sin-categoria\" itemtype=\"http:\/\/schema.org\/CreativeWork\" itemscope><div class=\"wp-show-posts-inner\" style=\"\">\t\t\t\t\t\t<header class=\"wp-show-posts-entry-header\">\n\t\t\t\t\t\t\t<h2 class=\"wp-show-posts-entry-title\" itemprop=\"headline\"><a href=\"https:\/\/radu.edu.ar\/index.php\/2025\/09\/30\/el-rector-de-la-universidad-maza-fue-designado-miembro-del-tribunal-de-honor-de-la-sap\/\" rel=\"bookmark\">El Rector de la Universidad Maza fue designado miembro del Tribunal de Honor de la SAP<\/a><\/h2>\t\t\t\t\t\t<\/header><!-- .entry-header -->\n\t\t\t\t\t\t\t<div class=\"wp-show-posts-image  wpsp-image-center \">\n\t\t\t<a href=\"https:\/\/radu.edu.ar\/index.php\/2025\/09\/30\/el-rector-de-la-universidad-maza-fue-designado-miembro-del-tribunal-de-honor-de-la-sap\/\"  title=\"El Rector de la Universidad Maza fue designado miembro del Tribunal de Honor de la SAP\"><img loading=\"lazy\" decoding=\"async\" width=\"646\" height=\"400\" src=\"https:\/\/radu.edu.ar\/wp-content\/uploads\/2025\/09\/WhatsApp-Image-2025-09-30-at-13.50.18.jpeg\" class=\"attachment-full size-full wp-post-image\" alt=\"\" itemprop=\"image\" srcset=\"https:\/\/radu.edu.ar\/wp-content\/uploads\/2025\/09\/WhatsApp-Image-2025-09-30-at-13.50.18.jpeg 646w, https:\/\/radu.edu.ar\/wp-content\/uploads\/2025\/09\/WhatsApp-Image-2025-09-30-at-13.50.18-300x186.jpeg 300w\" sizes=\"(max-width: 646px) 100vw, 646px\" \/><\/a>\t\t<\/div>\n\t\t\t\t\t\t\t\t<div class=\"wp-show-posts-entry-summary\" itemprop=\"text\">\n\t\t\t\t\t\t\t<p>&nbsp;29 Sep 2025 La Red Andina de Universidades felicita a su Presidente, Dr. M\u00e9d. Daniel Miranda, por haber sido designado\u00a0Miembro del Tribunal de Honor de la Sociedad Argentina de Pediatr\u00eda&#8230;<\/p>\n\t\t\t\t\t\t<\/div><!-- .entry-summary -->\n\t\t\t\t\t<div class=\"wpsp-read-more\"><a title=\"El Rector de la Universidad Maza fue designado miembro del Tribunal de Honor de la SAP\" class=\"wp-show-posts-read-more\" href=\"https:\/\/radu.edu.ar\/index.php\/2025\/09\/30\/el-rector-de-la-universidad-maza-fue-designado-miembro-del-tribunal-de-honor-de-la-sap\/\">M\u00e1s informaci\u00f3n<\/a><\/div><\/div><!-- wp-show-posts-inner --><div class=\"wpsp-clear\"><\/div><\/article><\/section><!-- .wp-show-posts --><div class=\"wpsp-load-more\"><span aria-current=\"page\" class=\"page-numbers current\">1<\/span>\n<a class=\"page-numbers\" href=\"https:\/\/radu.edu.ar\/index.php\/wp-json\/wp\/v2\/pages\/400\/page\/2\/\">2<\/a>\n<span class=\"page-numbers dots\">&hellip;<\/span>\n<a class=\"page-numbers\" href=\"https:\/\/radu.edu.ar\/index.php\/wp-json\/wp\/v2\/pages\/400\/page\/7\/\">7<\/a>\n<a class=\"next page-numbers\" href=\"https:\/\/radu.edu.ar\/index.php\/wp-json\/wp\/v2\/pages\/400\/page\/2\/\">Next &rarr;<\/a><\/div><\/div>\n\t\t\t\t\t\t<\/div>\n\t\t\t\t<\/div>\n\t\t\t\t\t<\/div>\n\t\t<\/div>\n\t\t\t\t\t<\/div>\n\t\t<\/section>\n\t\t\t\t<section class=\"elementor-section elementor-top-section elementor-element elementor-element-2408395 elementor-section-boxed elementor-section-height-default elementor-section-height-default\" data-id=\"2408395\" data-element_type=\"section\">\n\t\t\t\t\t\t<div class=\"elementor-container elementor-column-gap-default\">\n\t\t\t\t\t<div class=\"elementor-column elementor-col-100 elementor-top-column elementor-element elementor-element-7945470\" data-id=\"7945470\" data-element_type=\"column\">\n\t\t\t<div class=\"elementor-widget-wrap\">\n\t\t\t\t\t\t\t<\/div>\n\t\t<\/div>\n\t\t\t\t\t<\/div>\n\t\t<\/section>\n\t\t\t\t<\/div>\n\t\t","protected":false},"excerpt":{"rendered":"","protected":false},"author":1,"featured_media":0,"parent":0,"menu_order":0,"comment_status":"closed","ping_status":"closed","template":"elementor_header_footer","meta":{"footnotes":""},"class_list":["post-400","page","type-page","status-publish","hentry"],"_links":{"self":[{"href":"https:\/\/radu.edu.ar\/index.php\/wp-json\/wp\/v2\/pages\/400"}],"collection":[{"href":"https:\/\/radu.edu.ar\/index.php\/wp-json\/wp\/v2\/pages"}],"about":[{"href":"https:\/\/radu.edu.ar\/index.php\/wp-json\/wp\/v2\/types\/page"}],"author":[{"embeddable":true,"href":"https:\/\/radu.edu.ar\/index.php\/wp-json\/wp\/v2\/users\/1"}],"replies":[{"embeddable":true,"href":"https:\/\/radu.edu.ar\/index.php\/wp-json\/wp\/v2\/comments?post=400"}],"version-history":[{"count":13,"href":"https:\/\/radu.edu.ar\/index.php\/wp-json\/wp\/v2\/pages\/400\/revisions"}],"predecessor-version":[{"id":1823,"href":"https:\/\/radu.edu.ar\/index.php\/wp-json\/wp\/v2\/pages\/400\/revisions\/1823"}],"wp:attachment":[{"href":"https:\/\/radu.edu.ar\/index.php\/wp-json\/wp\/v2\/media?parent=400"}],"curies":[{"name":"wp","href":"https:\/\/api.w.org\/{rel}","templated":true}]}}