{"id":201,"date":"2020-04-08T12:44:34","date_gmt":"2020-04-08T15:44:34","guid":{"rendered":"http:\/\/localhost\/wordpress\/?page_id=201"},"modified":"2025-08-21T12:25:57","modified_gmt":"2025-08-21T15:25:57","slug":"cursos","status":"publish","type":"page","link":"https:\/\/radu.edu.ar\/index.php\/cursos\/","title":{"rendered":"Cursos"},"content":{"rendered":"\t\t<div data-elementor-type=\"wp-page\" data-elementor-id=\"201\" class=\"elementor elementor-201\">\n\t\t\t\t\t\t<section class=\"elementor-section elementor-top-section elementor-element elementor-element-214a1d1 elementor-section-stretched elementor-section-boxed elementor-section-height-default elementor-section-height-default\" data-id=\"214a1d1\" data-element_type=\"section\" data-settings=\"{&quot;stretch_section&quot;:&quot;section-stretched&quot;,&quot;background_background&quot;:&quot;classic&quot;}\">\n\t\t\t\t\t\t<div class=\"elementor-container elementor-column-gap-default\">\n\t\t\t\t\t<div class=\"elementor-column elementor-col-100 elementor-top-column elementor-element elementor-element-5d733ca\" data-id=\"5d733ca\" data-element_type=\"column\">\n\t\t\t<div class=\"elementor-widget-wrap elementor-element-populated\">\n\t\t\t\t\t\t<div class=\"elementor-element elementor-element-9b039ab elementor-widget elementor-widget-spacer\" data-id=\"9b039ab\" data-element_type=\"widget\" data-widget_type=\"spacer.default\">\n\t\t\t\t<div class=\"elementor-widget-container\">\n\t\t\t\t\t\t\t<div class=\"elementor-spacer\">\n\t\t\t<div class=\"elementor-spacer-inner\"><\/div>\n\t\t<\/div>\n\t\t\t\t\t\t<\/div>\n\t\t\t\t<\/div>\n\t\t\t\t<div class=\"elementor-element elementor-element-fc1cc24 elementor-widget elementor-widget-heading\" data-id=\"fc1cc24\" data-element_type=\"widget\" data-widget_type=\"heading.default\">\n\t\t\t\t<div class=\"elementor-widget-container\">\n\t\t\t\t\t<h2 class=\"elementor-heading-title elementor-size-default\">Cursos<\/h2>\t\t\t\t<\/div>\n\t\t\t\t<\/div>\n\t\t\t\t<div class=\"elementor-element elementor-element-d157756 elementor-widget-divider--view-line elementor-widget elementor-widget-divider\" data-id=\"d157756\" data-element_type=\"widget\" data-widget_type=\"divider.default\">\n\t\t\t\t<div class=\"elementor-widget-container\">\n\t\t\t\t\t\t\t<div class=\"elementor-divider\">\n\t\t\t<span class=\"elementor-divider-separator\">\n\t\t\t\t\t\t<\/span>\n\t\t<\/div>\n\t\t\t\t\t\t<\/div>\n\t\t\t\t<\/div>\n\t\t\t\t<div class=\"elementor-element elementor-element-bcebbb2 elementor-widget elementor-widget-spacer\" data-id=\"bcebbb2\" data-element_type=\"widget\" data-widget_type=\"spacer.default\">\n\t\t\t\t<div class=\"elementor-widget-container\">\n\t\t\t\t\t\t\t<div class=\"elementor-spacer\">\n\t\t\t<div class=\"elementor-spacer-inner\"><\/div>\n\t\t<\/div>\n\t\t\t\t\t\t<\/div>\n\t\t\t\t<\/div>\n\t\t\t\t\t<\/div>\n\t\t<\/div>\n\t\t\t\t\t<\/div>\n\t\t<\/section>\n\t\t\t\t<section class=\"elementor-section elementor-top-section elementor-element elementor-element-6bdfdd2 elementor-section-stretched elementor-section-boxed elementor-section-height-default elementor-section-height-default\" data-id=\"6bdfdd2\" data-element_type=\"section\" data-settings=\"{&quot;stretch_section&quot;:&quot;section-stretched&quot;,&quot;background_background&quot;:&quot;classic&quot;}\">\n\t\t\t\t\t\t<div class=\"elementor-container elementor-column-gap-default\">\n\t\t\t\t\t<div class=\"elementor-column elementor-col-100 elementor-top-column elementor-element elementor-element-fdf90fe\" data-id=\"fdf90fe\" data-element_type=\"column\">\n\t\t\t<div class=\"elementor-widget-wrap elementor-element-populated\">\n\t\t\t\t\t\t<div class=\"elementor-element elementor-element-19de2b1 elementor-widget elementor-widget-spacer\" data-id=\"19de2b1\" data-element_type=\"widget\" data-widget_type=\"spacer.default\">\n\t\t\t\t<div class=\"elementor-widget-container\">\n\t\t\t\t\t\t\t<div class=\"elementor-spacer\">\n\t\t\t<div class=\"elementor-spacer-inner\"><\/div>\n\t\t<\/div>\n\t\t\t\t\t\t<\/div>\n\t\t\t\t<\/div>\n\t\t\t\t<div class=\"elementor-element elementor-element-52124bb elementor-widget elementor-widget-heading\" data-id=\"52124bb\" data-element_type=\"widget\" data-widget_type=\"heading.default\">\n\t\t\t\t<div class=\"elementor-widget-container\">\n\t\t\t\t\t<h2 class=\"elementor-heading-title elementor-size-default\">Cursos cortos Stop &amp; Go<\/h2>\t\t\t\t<\/div>\n\t\t\t\t<\/div>\n\t\t\t\t<div class=\"elementor-element elementor-element-ffcde76 elementor-widget elementor-widget-heading\" data-id=\"ffcde76\" data-element_type=\"widget\" data-widget_type=\"heading.default\">\n\t\t\t\t<div class=\"elementor-widget-container\">\n\t\t\t\t\t<h2 class=\"elementor-heading-title elementor-size-default\">Ciclo de Cursos In Company<\/h2>\t\t\t\t<\/div>\n\t\t\t\t<\/div>\n\t\t\t\t<div class=\"elementor-element elementor-element-b2f9f83 elementor-widget elementor-widget-spacer\" data-id=\"b2f9f83\" data-element_type=\"widget\" data-widget_type=\"spacer.default\">\n\t\t\t\t<div class=\"elementor-widget-container\">\n\t\t\t\t\t\t\t<div class=\"elementor-spacer\">\n\t\t\t<div class=\"elementor-spacer-inner\"><\/div>\n\t\t<\/div>\n\t\t\t\t\t\t<\/div>\n\t\t\t\t<\/div>\n\t\t\t\t<div class=\"elementor-element elementor-element-256b1ed elementor-tabs-view-horizontal elementor-widget elementor-widget-tabs\" data-id=\"256b1ed\" data-element_type=\"widget\" data-widget_type=\"tabs.default\">\n\t\t\t\t<div class=\"elementor-widget-container\">\n\t\t\t\t\t\t\t<div class=\"elementor-tabs\">\n\t\t\t<div class=\"elementor-tabs-wrapper\" role=\"tablist\" >\n\t\t\t\t\t\t\t\t\t<div id=\"elementor-tab-title-3921\" class=\"elementor-tab-title elementor-tab-desktop-title\" aria-selected=\"true\" data-tab=\"1\" role=\"tab\" tabindex=\"0\" aria-controls=\"elementor-tab-content-3921\" aria-expanded=\"false\">M\u00faltiples competencias para un liderazgo efectivo<\/div>\n\t\t\t\t\t\t\t\t\t<div id=\"elementor-tab-title-3922\" class=\"elementor-tab-title elementor-tab-desktop-title\" aria-selected=\"false\" data-tab=\"2\" role=\"tab\" tabindex=\"-1\" aria-controls=\"elementor-tab-content-3922\" aria-expanded=\"false\">Internacionalizaci\u00f3n de la Educaci\u00f3n Superior<\/div>\n\t\t\t\t\t\t\t<\/div>\n\t\t\t<div class=\"elementor-tabs-content-wrapper\" role=\"tablist\" aria-orientation=\"vertical\">\n\t\t\t\t\t\t\t\t\t<div class=\"elementor-tab-title elementor-tab-mobile-title\" aria-selected=\"true\" data-tab=\"1\" role=\"tab\" tabindex=\"0\" aria-controls=\"elementor-tab-content-3921\" aria-expanded=\"false\">M\u00faltiples competencias para un liderazgo efectivo<\/div>\n\t\t\t\t\t<div id=\"elementor-tab-content-3921\" class=\"elementor-tab-content elementor-clearfix\" data-tab=\"1\" role=\"tabpanel\" aria-labelledby=\"elementor-tab-title-3921\" tabindex=\"0\" hidden=\"false\"><p>La vida profesional y corporativa muchas veces sugiere parar, retroceder o interrumpir.&nbsp; No por la est\u00e1tica, sino por la din\u00e1mica de seguir adelante.<\/p>\n<p><span style=\"color: #ddb400;\">Objetivos Generales<\/span><\/p>\n<ul>\n<li>La facilitaci\u00f3n de un marco de referencia para la reflexi\u00f3n estrat\u00e9gica, en relaci\u00f3n con el desempe\u00f1o de la gesti\u00f3n acad\u00e9mica de instituciones de ense\u00f1anza superior.<\/li>\n<li>El otorgamiento de instrumentos para el mejoramiento de las habilidades directivas y de liderazgo, ordenados a la operaci\u00f3n de los mandos superiores de las instituciones universitarias.<\/li>\n<li>La creaci\u00f3n de un \u00e1mbito adecuado para el intercambio de experiencias dentro de un contexto de an\u00e1lisis y discusi\u00f3n sobre las modalidades de la gesti\u00f3n institucional.<\/li>\n<li>La creaci\u00f3n de operaciones sin\u00e9rgicas entre las instituciones de la regi\u00f3n como producto de la realizaci\u00f3n de actividades concertadas.<\/li>\n<li>El encuentro de directivos de las Instituciones de la RADU.<\/li>\n<li>El encuentro de alumnos de la primera y segunda cohorte de la Especializaci\u00f3n en Gesti\u00f3n de la Educaci\u00f3n Superior.<\/li>\n<\/ul>\n<p><span style=\"color: #ddb400;\">Profesor a cargo<\/span><\/p>\n<p>Dr. Roberto BATALLER P(h)D (s\u00edntesis curricular)<\/p>\n<p><span style=\"color: #ddb400;\">Plan de estudios<\/span><\/p>\n<ul>\n<li>El Liderazgo desde las Neurociencias<\/li>\n<li>Comunicaci\u00f3n Efectiva (Programaci\u00f3n Neuro Ling\u00fc\u00edstica)<\/li>\n<li>Paradigmas Personales y Estilos de Liderazgo<\/li>\n<li>Liderazgo situacional.<\/li>\n<li>Conclusiones finales y cierre<\/li>\n<\/ul>\n<p><span style=\"color: #ddb400;\">Destinatarios<\/span><\/p>\n<p>Directivos de las Universidades de la RADU, alumnos de la primera y segunda cohortes de la Especializaci\u00f3n en Gesti\u00f3n de la Educaci\u00f3n Superior<\/p>\n<p><span style=\"color: #ddb400;\">Carga horaria<\/span>: 6 (seis) horas<\/p>\n<p><span style=\"color: #ddb400;\">Consultas<\/span><\/p>\n<p>Por mail a:&nbsp;<a href=\"mailto:raduposgrado@uda.edu.ar\" target=\"_blank\" style=\"font-family: var( --e-global-typography-text-font-family ), Sans-serif; font-weight: var( --e-global-typography-text-font-weight ); background-color: rgb(255, 255, 255);\">raduposgrado@uda.edu.ar<\/a><\/p><\/div>\n\t\t\t\t\t\t\t\t\t<div class=\"elementor-tab-title elementor-tab-mobile-title\" aria-selected=\"false\" data-tab=\"2\" role=\"tab\" tabindex=\"-1\" aria-controls=\"elementor-tab-content-3922\" aria-expanded=\"false\">Internacionalizaci\u00f3n de la Educaci\u00f3n Superior<\/div>\n\t\t\t\t\t<div id=\"elementor-tab-content-3922\" class=\"elementor-tab-content elementor-clearfix\" data-tab=\"2\" role=\"tabpanel\" aria-labelledby=\"elementor-tab-title-3922\" tabindex=\"0\" hidden=\"hidden\"><p style=\"text-align: justify;\">Internacionalizar la docencia, la investigaci\u00f3n y la extensi\u00f3n, es fundamental para conformar una comunidad acad\u00e9mica dispuesta a la movilidad en todos sus estratos, que afiance la b\u00fasqueda de la internacionalizaci\u00f3n de su curr\u00edculo y que promueva una imagen institucional en consecuencia.<\/p><p style=\"text-align: justify;\">Profesora a cargo: <span style=\"color: #444444;\">Dra. Mar\u00eda Florencia Bergez, del IUCS Fundaci\u00f3n Barcel\u00f3<\/span><\/p><p style=\"text-align: justify;\">El objetivo principal del taller consiste en permitir a los actores miembros de las IES que forman parte de la Red Andina de Universidades, conocer e interiorizarse con el concepto de Internacionalizaci\u00f3n de la Educaci\u00f3n Superior y ofrecerles herramientas b\u00e1sicas para su desarrollo.<\/p><\/div>\n\t\t\t\t\t\t\t<\/div>\n\t\t<\/div>\n\t\t\t\t\t\t<\/div>\n\t\t\t\t<\/div>\n\t\t\t\t<div class=\"elementor-element elementor-element-ba5eb05 elementor-widget elementor-widget-spacer\" data-id=\"ba5eb05\" data-element_type=\"widget\" data-widget_type=\"spacer.default\">\n\t\t\t\t<div class=\"elementor-widget-container\">\n\t\t\t\t\t\t\t<div class=\"elementor-spacer\">\n\t\t\t<div class=\"elementor-spacer-inner\"><\/div>\n\t\t<\/div>\n\t\t\t\t\t\t<\/div>\n\t\t\t\t<\/div>\n\t\t\t\t\t<\/div>\n\t\t<\/div>\n\t\t\t\t\t<\/div>\n\t\t<\/section>\n\t\t\t\t<\/div>\n\t\t","protected":false},"excerpt":{"rendered":"<p>Cursos Cursos cortos Stop &#038; Go Ciclo de Cursos In Company M\u00faltiples competencias para un liderazgo efectivo Internacionalizaci\u00f3n de la Educaci\u00f3n Superior M\u00faltiples competencias para un liderazgo efectivo La vida profesional y corporativa muchas veces sugiere parar, retroceder o interrumpir.&nbsp; No por la est\u00e1tica, sino por la din\u00e1mica de seguir adelante. Objetivos Generales La facilitaci\u00f3n &#8230; <a title=\"Cursos\" class=\"read-more\" href=\"https:\/\/radu.edu.ar\/index.php\/cursos\/\" aria-label=\"M\u00e1s en Cursos\">Leer m\u00e1s<\/a><\/p>\n","protected":false},"author":1,"featured_media":0,"parent":0,"menu_order":0,"comment_status":"closed","ping_status":"closed","template":"elementor_header_footer","meta":{"footnotes":""},"class_list":["post-201","page","type-page","status-publish"],"_links":{"self":[{"href":"https:\/\/radu.edu.ar\/index.php\/wp-json\/wp\/v2\/pages\/201"}],"collection":[{"href":"https:\/\/radu.edu.ar\/index.php\/wp-json\/wp\/v2\/pages"}],"about":[{"href":"https:\/\/radu.edu.ar\/index.php\/wp-json\/wp\/v2\/types\/page"}],"author":[{"embeddable":true,"href":"https:\/\/radu.edu.ar\/index.php\/wp-json\/wp\/v2\/users\/1"}],"replies":[{"embeddable":true,"href":"https:\/\/radu.edu.ar\/index.php\/wp-json\/wp\/v2\/comments?post=201"}],"version-history":[{"count":15,"href":"https:\/\/radu.edu.ar\/index.php\/wp-json\/wp\/v2\/pages\/201\/revisions"}],"predecessor-version":[{"id":1439,"href":"https:\/\/radu.edu.ar\/index.php\/wp-json\/wp\/v2\/pages\/201\/revisions\/1439"}],"wp:attachment":[{"href":"https:\/\/radu.edu.ar\/index.php\/wp-json\/wp\/v2\/media?parent=201"}],"curies":[{"name":"wp","href":"https:\/\/api.w.org\/{rel}","templated":true}]}}