{"id":1113,"date":"2022-09-23T00:48:53","date_gmt":"2022-09-23T03:48:53","guid":{"rendered":"https:\/\/radu.edu.ar\/?page_id=1113"},"modified":"2023-12-18T17:01:42","modified_gmt":"2023-12-18T20:01:42","slug":"internacionalizacion","status":"publish","type":"page","link":"https:\/\/radu.edu.ar\/index.php\/internacionalizacion\/","title":{"rendered":"Internacionalizaci\u00f3n"},"content":{"rendered":"\t\t<div data-elementor-type=\"wp-page\" data-elementor-id=\"1113\" class=\"elementor elementor-1113\">\n\t\t\t\t\t\t<section class=\"elementor-section elementor-top-section elementor-element elementor-element-586b558 elementor-section-stretched elementor-section-boxed elementor-section-height-default elementor-section-height-default\" data-id=\"586b558\" data-element_type=\"section\" data-settings=\"{&quot;stretch_section&quot;:&quot;section-stretched&quot;,&quot;background_background&quot;:&quot;classic&quot;}\">\n\t\t\t\t\t\t<div class=\"elementor-container elementor-column-gap-default\">\n\t\t\t\t\t<div class=\"elementor-column elementor-col-100 elementor-top-column elementor-element elementor-element-a21b329\" data-id=\"a21b329\" data-element_type=\"column\">\n\t\t\t<div class=\"elementor-widget-wrap elementor-element-populated\">\n\t\t\t\t\t\t<div class=\"elementor-element elementor-element-3c208d8 elementor-widget elementor-widget-spacer\" data-id=\"3c208d8\" data-element_type=\"widget\" data-widget_type=\"spacer.default\">\n\t\t\t\t<div class=\"elementor-widget-container\">\n\t\t\t\t\t\t\t<div class=\"elementor-spacer\">\n\t\t\t<div class=\"elementor-spacer-inner\"><\/div>\n\t\t<\/div>\n\t\t\t\t\t\t<\/div>\n\t\t\t\t<\/div>\n\t\t\t\t<div class=\"elementor-element elementor-element-6b550fe elementor-widget elementor-widget-heading\" data-id=\"6b550fe\" data-element_type=\"widget\" data-widget_type=\"heading.default\">\n\t\t\t\t<div class=\"elementor-widget-container\">\n\t\t\t\t\t<h2 class=\"elementor-heading-title elementor-size-default\">InTERNACIONALIZACI\u00d3N<\/h2>\t\t\t\t<\/div>\n\t\t\t\t<\/div>\n\t\t\t\t<div class=\"elementor-element elementor-element-b58791c elementor-widget-divider--view-line elementor-widget elementor-widget-divider\" data-id=\"b58791c\" data-element_type=\"widget\" data-widget_type=\"divider.default\">\n\t\t\t\t<div class=\"elementor-widget-container\">\n\t\t\t\t\t\t\t<div class=\"elementor-divider\">\n\t\t\t<span class=\"elementor-divider-separator\">\n\t\t\t\t\t\t<\/span>\n\t\t<\/div>\n\t\t\t\t\t\t<\/div>\n\t\t\t\t<\/div>\n\t\t\t\t<div class=\"elementor-element elementor-element-e4469e7 elementor-widget elementor-widget-spacer\" data-id=\"e4469e7\" data-element_type=\"widget\" data-widget_type=\"spacer.default\">\n\t\t\t\t<div class=\"elementor-widget-container\">\n\t\t\t\t\t\t\t<div class=\"elementor-spacer\">\n\t\t\t<div class=\"elementor-spacer-inner\"><\/div>\n\t\t<\/div>\n\t\t\t\t\t\t<\/div>\n\t\t\t\t<\/div>\n\t\t\t\t\t<\/div>\n\t\t<\/div>\n\t\t\t\t\t<\/div>\n\t\t<\/section>\n\t\t\t\t<section class=\"elementor-section elementor-top-section elementor-element elementor-element-6204e6a elementor-section-stretched elementor-section-boxed elementor-section-height-default elementor-section-height-default\" data-id=\"6204e6a\" data-element_type=\"section\" data-settings=\"{&quot;stretch_section&quot;:&quot;section-stretched&quot;,&quot;background_background&quot;:&quot;classic&quot;}\">\n\t\t\t\t\t\t<div class=\"elementor-container elementor-column-gap-default\">\n\t\t\t\t\t<div class=\"elementor-column elementor-col-100 elementor-top-column elementor-element elementor-element-b3aea5e\" data-id=\"b3aea5e\" data-element_type=\"column\">\n\t\t\t<div class=\"elementor-widget-wrap elementor-element-populated\">\n\t\t\t\t\t\t<div class=\"elementor-element elementor-element-760e1f8 elementor-widget elementor-widget-spacer\" data-id=\"760e1f8\" data-element_type=\"widget\" data-widget_type=\"spacer.default\">\n\t\t\t\t<div class=\"elementor-widget-container\">\n\t\t\t\t\t\t\t<div class=\"elementor-spacer\">\n\t\t\t<div class=\"elementor-spacer-inner\"><\/div>\n\t\t<\/div>\n\t\t\t\t\t\t<\/div>\n\t\t\t\t<\/div>\n\t\t\t\t<div class=\"elementor-element elementor-element-e28fac5 elementor-widget elementor-widget-heading\" data-id=\"e28fac5\" data-element_type=\"widget\" data-widget_type=\"heading.default\">\n\t\t\t\t<div class=\"elementor-widget-container\">\n\t\t\t\t\t<h2 class=\"elementor-heading-title elementor-size-default\">Acciones de la RADU en el \u00e1mbito de la internacionalizaci\u00f3n<\/h2>\t\t\t\t<\/div>\n\t\t\t\t<\/div>\n\t\t\t\t\t<\/div>\n\t\t<\/div>\n\t\t\t\t\t<\/div>\n\t\t<\/section>\n\t\t\t\t<section class=\"elementor-section elementor-top-section elementor-element elementor-element-8140590 elementor-section-stretched elementor-section-boxed elementor-section-height-default elementor-section-height-default\" data-id=\"8140590\" data-element_type=\"section\" data-settings=\"{&quot;stretch_section&quot;:&quot;section-stretched&quot;,&quot;background_background&quot;:&quot;classic&quot;}\">\n\t\t\t\t\t\t<div class=\"elementor-container elementor-column-gap-default\">\n\t\t\t\t\t<div class=\"elementor-column elementor-col-100 elementor-top-column elementor-element elementor-element-1b860bd\" data-id=\"1b860bd\" data-element_type=\"column\">\n\t\t\t<div class=\"elementor-widget-wrap elementor-element-populated\">\n\t\t\t\t\t\t<div class=\"elementor-element elementor-element-5979912 elementor-widget-divider--view-line elementor-widget elementor-widget-divider\" data-id=\"5979912\" data-element_type=\"widget\" data-widget_type=\"divider.default\">\n\t\t\t\t<div class=\"elementor-widget-container\">\n\t\t\t\t\t\t\t<div class=\"elementor-divider\">\n\t\t\t<span class=\"elementor-divider-separator\">\n\t\t\t\t\t\t<\/span>\n\t\t<\/div>\n\t\t\t\t\t\t<\/div>\n\t\t\t\t<\/div>\n\t\t\t\t<div class=\"elementor-element elementor-element-2cca423 elementor-widget elementor-widget-text-editor\" data-id=\"2cca423\" data-element_type=\"widget\" data-widget_type=\"text-editor.default\">\n\t\t\t\t<div class=\"elementor-widget-container\">\n\t\t\t\t\t\t\t\t\t<p>La Red Andina de Universidades (RADU), a trav\u00e9s de la Comisi\u00f3n de Internacionalizaci\u00f3n, se encuentra desarrollando una capacitaci\u00f3n denominada: \u201c\u00bfC\u00f3mo internacionalizar el curr\u00edculo en nuestras universidades? Principales estrategias y herramientas\u201d, a cargo del Dr. Pablo Beneitone, Doctor en Ciencias Sociales. FLACSO (Argentina)<\/p><p>Est\u00e1 destinada a la formaci\u00f3n y capacitaci\u00f3n de<strong>\u00a0<\/strong>directores de carrera, secretarios, docentes\/investigadores de las cinco universidades miembros de la RADU, con el objetivo de fortalecer la gesti\u00f3n en \u00e1mbitos internacionales, analizando retos y desaf\u00edos, identificando las principales modalidades, herramientas y acciones que promuevan la <em>Internacionalizaci\u00f3n del Curr\u00edculo. <\/em><\/p><p>Cabe destacar que estas acciones de capacitaci\u00f3n innovadoras ponen en valor conocimientos que posicionan a la RADU en nuevos escenarios.<\/p>\t\t\t\t\t\t\t\t<\/div>\n\t\t\t\t<\/div>\n\t\t\t\t\t<\/div>\n\t\t<\/div>\n\t\t\t\t\t<\/div>\n\t\t<\/section>\n\t\t\t\t<section class=\"elementor-section elementor-top-section elementor-element elementor-element-dfe06d9 elementor-section-boxed elementor-section-height-default elementor-section-height-default\" data-id=\"dfe06d9\" data-element_type=\"section\">\n\t\t\t\t\t\t<div class=\"elementor-container elementor-column-gap-default\">\n\t\t\t\t\t<div class=\"elementor-column elementor-col-100 elementor-top-column elementor-element elementor-element-c5d1c01\" data-id=\"c5d1c01\" data-element_type=\"column\">\n\t\t\t<div class=\"elementor-widget-wrap elementor-element-populated\">\n\t\t\t\t\t\t<div class=\"elementor-element elementor-element-8e54617 elementor-widget elementor-widget-heading\" data-id=\"8e54617\" data-element_type=\"widget\" data-widget_type=\"heading.default\">\n\t\t\t\t<div class=\"elementor-widget-container\">\n\t\t\t\t\t<h2 class=\"elementor-heading-title elementor-size-default\">Promoci\u00f3n del Territorio como Destino de Educaci\u00f3n Superior<\/h2>\t\t\t\t<\/div>\n\t\t\t\t<\/div>\n\t\t\t\t\t<\/div>\n\t\t<\/div>\n\t\t\t\t\t<\/div>\n\t\t<\/section>\n\t\t\t\t<section class=\"elementor-section elementor-top-section elementor-element elementor-element-4550162 elementor-section-boxed elementor-section-height-default elementor-section-height-default\" data-id=\"4550162\" data-element_type=\"section\">\n\t\t\t\t\t\t<div class=\"elementor-container elementor-column-gap-default\">\n\t\t\t\t\t<div class=\"elementor-column elementor-col-100 elementor-top-column elementor-element elementor-element-639e8b5\" data-id=\"639e8b5\" data-element_type=\"column\">\n\t\t\t<div class=\"elementor-widget-wrap elementor-element-populated\">\n\t\t\t\t\t\t<div class=\"elementor-element elementor-element-17ba925 elementor-widget elementor-widget-text-editor\" data-id=\"17ba925\" data-element_type=\"widget\" data-widget_type=\"text-editor.default\">\n\t\t\t\t<div class=\"elementor-widget-container\">\n\t\t\t\t\t\t\t\t\t<h2>2\u00ba Webinar Internacional RADU<\/h2><p>Promoci\u00f3n del territorio como destino de Educaci\u00f3n Superior: Casos de Colombia y M\u00e9xico. En este webinar organizado por la Red Andina de Universidades &#8211; RADU, se compartieron los casos del Consorcio Jalisco para la cooperaci\u00f3n e internacionalizaci\u00f3n de la educaci\u00f3n superior, de M\u00e9xico y la Asociaci\u00f3n Colombia Challenge Your Knowledge, de Colombia, presentando experiencias de redes universitarias como iniciativas de promoci\u00f3n del territorio como destino de educaci\u00f3n superior.<\/p>\t\t\t\t\t\t\t\t<\/div>\n\t\t\t\t<\/div>\n\t\t\t\t\t<\/div>\n\t\t<\/div>\n\t\t\t\t\t<\/div>\n\t\t<\/section>\n\t\t\t\t<section class=\"elementor-section elementor-top-section elementor-element elementor-element-ff7266a elementor-section-boxed elementor-section-height-default elementor-section-height-default\" data-id=\"ff7266a\" data-element_type=\"section\">\n\t\t\t\t\t\t<div class=\"elementor-container elementor-column-gap-default\">\n\t\t\t\t\t<div class=\"elementor-column elementor-col-100 elementor-top-column elementor-element elementor-element-c248053\" data-id=\"c248053\" data-element_type=\"column\">\n\t\t\t<div class=\"elementor-widget-wrap elementor-element-populated\">\n\t\t\t\t\t\t<div class=\"elementor-element elementor-element-1bdaf0e elementor-widget elementor-widget-video\" data-id=\"1bdaf0e\" data-element_type=\"widget\" data-settings=\"{&quot;youtube_url&quot;:&quot;https:\\\/\\\/www.youtube.com\\\/watch?v=ER2pU0m1AVU&quot;,&quot;video_type&quot;:&quot;youtube&quot;,&quot;controls&quot;:&quot;yes&quot;}\" data-widget_type=\"video.default\">\n\t\t\t\t<div class=\"elementor-widget-container\">\n\t\t\t\t\t\t\t<div class=\"elementor-wrapper elementor-open-inline\">\n\t\t\t<div class=\"elementor-video\"><\/div>\t\t<\/div>\n\t\t\t\t\t\t<\/div>\n\t\t\t\t<\/div>\n\t\t\t\t\t<\/div>\n\t\t<\/div>\n\t\t\t\t\t<\/div>\n\t\t<\/section>\n\t\t\t\t<section class=\"elementor-section elementor-top-section elementor-element elementor-element-2ea2cfa elementor-section-stretched elementor-section-boxed elementor-section-height-default elementor-section-height-default\" data-id=\"2ea2cfa\" data-element_type=\"section\" data-settings=\"{&quot;stretch_section&quot;:&quot;section-stretched&quot;}\">\n\t\t\t\t\t\t<div class=\"elementor-container elementor-column-gap-default\">\n\t\t\t\t\t<div class=\"elementor-column elementor-col-100 elementor-top-column elementor-element elementor-element-4028937\" data-id=\"4028937\" data-element_type=\"column\">\n\t\t\t<div class=\"elementor-widget-wrap elementor-element-populated\">\n\t\t\t\t\t\t<div class=\"elementor-element elementor-element-27da4a9 elementor-widget elementor-widget-spacer\" data-id=\"27da4a9\" data-element_type=\"widget\" data-widget_type=\"spacer.default\">\n\t\t\t\t<div class=\"elementor-widget-container\">\n\t\t\t\t\t\t\t<div class=\"elementor-spacer\">\n\t\t\t<div class=\"elementor-spacer-inner\"><\/div>\n\t\t<\/div>\n\t\t\t\t\t\t<\/div>\n\t\t\t\t<\/div>\n\t\t\t\t<div class=\"elementor-element elementor-element-6241937 elementor-widget-divider--view-line elementor-widget elementor-widget-divider\" data-id=\"6241937\" data-element_type=\"widget\" data-widget_type=\"divider.default\">\n\t\t\t\t<div class=\"elementor-widget-container\">\n\t\t\t\t\t\t\t<div class=\"elementor-divider\">\n\t\t\t<span class=\"elementor-divider-separator\">\n\t\t\t\t\t\t<\/span>\n\t\t<\/div>\n\t\t\t\t\t\t<\/div>\n\t\t\t\t<\/div>\n\t\t\t\t<div class=\"elementor-element elementor-element-9ec9260 elementor-widget elementor-widget-text-editor\" data-id=\"9ec9260\" data-element_type=\"widget\" data-widget_type=\"text-editor.default\">\n\t\t\t\t<div class=\"elementor-widget-container\">\n\t\t\t\t\t\t\t\t\t<h2>1\u00ba Webinar Internacional RADU<\/h2><p style=\"font-weight: 400;\">Esta actividad realizada el 5 de octubre de 2022, recoge las experiencias de los programas Study BA y Learn Chile de la ciudad de Buenos Aires y Chile, respectivamente, como pol\u00edticas orientadas justamente al desarrollo local. La idea es que los decisores y formuladores de pol\u00edticas de la regi\u00f3n, tanto de nivel provincial como local, conozcan estos programas como punto de partida para pensar un programa propio para el Nuevo Cuyo.\u00a0 El objetivo de este evento es explorar de qu\u00e9 modo la internacionalizaci\u00f3n de la educaci\u00f3n superior puede aportar al desarrollo local y regional.<\/p><p style=\"font-weight: 400;\"><strong>Invitados:<\/strong><\/p><p style=\"font-weight: 400;\">Mauro Guevara, Study Buenos Aires.<\/p><p style=\"font-weight: 400;\">Karol Trautmann Thomas, Directora de Relaciones Internacionales de la Universidad Cat\u00f3lica del Norte, Chile, miembro de Learn Chile.<\/p><p style=\"font-weight: 400;\"><strong>Moderadores:<\/strong><\/p><p style=\"font-weight: 400;\">Dr. Hugo Mart\u00ednez y Lic. Javier S\u00e1ez Palavecino \u2013 Universidad\u00a0Juan\u00a0Agust\u00edn Maza, Mendoza.<\/p>\t\t\t\t\t\t\t\t<\/div>\n\t\t\t\t<\/div>\n\t\t\t\t<div class=\"elementor-element elementor-element-134425d elementor-widget elementor-widget-spacer\" data-id=\"134425d\" data-element_type=\"widget\" data-widget_type=\"spacer.default\">\n\t\t\t\t<div class=\"elementor-widget-container\">\n\t\t\t\t\t\t\t<div class=\"elementor-spacer\">\n\t\t\t<div class=\"elementor-spacer-inner\"><\/div>\n\t\t<\/div>\n\t\t\t\t\t\t<\/div>\n\t\t\t\t<\/div>\n\t\t\t\t<div class=\"elementor-element elementor-element-4a33aee elementor-widget elementor-widget-video\" data-id=\"4a33aee\" data-element_type=\"widget\" data-settings=\"{&quot;youtube_url&quot;:&quot;https:\\\/\\\/youtu.be\\\/M3IL9X0vxw8&quot;,&quot;video_type&quot;:&quot;youtube&quot;,&quot;controls&quot;:&quot;yes&quot;}\" data-widget_type=\"video.default\">\n\t\t\t\t<div class=\"elementor-widget-container\">\n\t\t\t\t\t\t\t<div class=\"elementor-wrapper elementor-open-inline\">\n\t\t\t<div class=\"elementor-video\"><\/div>\t\t<\/div>\n\t\t\t\t\t\t<\/div>\n\t\t\t\t<\/div>\n\t\t\t\t<div class=\"elementor-element elementor-element-2bf55a6 elementor-widget elementor-widget-spacer\" data-id=\"2bf55a6\" data-element_type=\"widget\" data-widget_type=\"spacer.default\">\n\t\t\t\t<div class=\"elementor-widget-container\">\n\t\t\t\t\t\t\t<div class=\"elementor-spacer\">\n\t\t\t<div class=\"elementor-spacer-inner\"><\/div>\n\t\t<\/div>\n\t\t\t\t\t\t<\/div>\n\t\t\t\t<\/div>\n\t\t\t\t\t<\/div>\n\t\t<\/div>\n\t\t\t\t\t<\/div>\n\t\t<\/section>\n\t\t\t\t<\/div>\n\t\t","protected":false},"excerpt":{"rendered":"<p>InTERNACIONALIZACI\u00d3N Acciones de la RADU en el \u00e1mbito de la internacionalizaci\u00f3n La Red Andina de Universidades (RADU), a trav\u00e9s de la Comisi\u00f3n de Internacionalizaci\u00f3n, se encuentra desarrollando una capacitaci\u00f3n denominada: \u201c\u00bfC\u00f3mo internacionalizar el curr\u00edculo en nuestras universidades? Principales estrategias y herramientas\u201d, a cargo del Dr. Pablo Beneitone, Doctor en Ciencias Sociales. FLACSO (Argentina) Est\u00e1 destinada &#8230; <a title=\"Internacionalizaci\u00f3n\" class=\"read-more\" href=\"https:\/\/radu.edu.ar\/index.php\/internacionalizacion\/\" aria-label=\"M\u00e1s en Internacionalizaci\u00f3n\">Leer m\u00e1s<\/a><\/p>\n","protected":false},"author":1,"featured_media":0,"parent":0,"menu_order":0,"comment_status":"closed","ping_status":"closed","template":"elementor_header_footer","meta":{"footnotes":""},"class_list":["post-1113","page","type-page","status-publish"],"_links":{"self":[{"href":"https:\/\/radu.edu.ar\/index.php\/wp-json\/wp\/v2\/pages\/1113"}],"collection":[{"href":"https:\/\/radu.edu.ar\/index.php\/wp-json\/wp\/v2\/pages"}],"about":[{"href":"https:\/\/radu.edu.ar\/index.php\/wp-json\/wp\/v2\/types\/page"}],"author":[{"embeddable":true,"href":"https:\/\/radu.edu.ar\/index.php\/wp-json\/wp\/v2\/users\/1"}],"replies":[{"embeddable":true,"href":"https:\/\/radu.edu.ar\/index.php\/wp-json\/wp\/v2\/comments?post=1113"}],"version-history":[{"count":25,"href":"https:\/\/radu.edu.ar\/index.php\/wp-json\/wp\/v2\/pages\/1113\/revisions"}],"predecessor-version":[{"id":1574,"href":"https:\/\/radu.edu.ar\/index.php\/wp-json\/wp\/v2\/pages\/1113\/revisions\/1574"}],"wp:attachment":[{"href":"https:\/\/radu.edu.ar\/index.php\/wp-json\/wp\/v2\/media?parent=1113"}],"curies":[{"name":"wp","href":"https:\/\/api.w.org\/{rel}","templated":true}]}}